{"id":3211,"date":"2018-12-24T07:13:15","date_gmt":"2018-12-24T07:13:15","guid":{"rendered":"https:\/\/www.visitur.es\/itinerari\/tour-general-sirgador\/"},"modified":"2025-12-17T11:50:21","modified_gmt":"2025-12-17T10:50:21","slug":"tour-general-sirgador","status":"publish","type":"product","link":"https:\/\/visitur.es\/en\/route\/tour-general-sirgador\/","title":{"rendered":"Navegaci\u00f3 per l&#8217;Ebre amb Lo Sirgador"},"content":{"rendered":"<p>Visita de 90 minuts per gaudir d\u2019un recorregut pels llocs m\u00e9s \u00a0emblem\u00e0tics de la Tortosa hist\u00f2rica, comen\u00e7ant pel conjunt de la Catedral, passant pels diferents espais que ens mostren la riquesa arquitect\u00f2nica d\u2019una ciutat amb 2000 anys de hist\u00f2ria com el Palau Episcopal i els Reials Col\u00b7legis.\u00a0 Visita pel mat\u00ed i\u00a0 navegaci\u00f3 amb el Sirgador per contemplar les vistes panor\u00e0miques de la ciutat\u00a0 des de l\u2019Ebre per la tarda, durada de 60 minuts<\/p>\n","protected":false},"excerpt":{"rendered":"<p>Visita de 90 minuts per gaudir d\u2019un recorregut pels llocs m\u00e9s \u00a0emblem\u00e0tics de la Tortosa hist\u00f2rica, comen\u00e7ant pel conjunt de la Catedral, passant pels diferents espais que ens mostren la riquesa arquitect\u00f2nica d\u2019una ciutat amb 2000 anys de hist\u00f2ria com &hellip; <a href=\"https:\/\/visitur.es\/en\/route\/tour-general-sirgador\/\">Read More<\/a><\/p>\n","protected":false},"featured_media":682,"comment_status":"open","ping_status":"closed","template":"","meta":[],"product_cat":[61,62],"product_tag":[],"class_list":{"0":"post-3211","1":"product","2":"type-product","3":"status-publish","4":"has-post-thumbnail","6":"product_cat-tortosa-en","7":"product_cat-highlighted-route","9":"first","10":"instock","11":"virtual","12":"sold-individually","13":"purchasable","14":"product-type-booking"},"_links":{"self":[{"href":"https:\/\/visitur.es\/en\/wp-json\/wp\/v2\/product\/3211"}],"collection":[{"href":"https:\/\/visitur.es\/en\/wp-json\/wp\/v2\/product"}],"about":[{"href":"https:\/\/visitur.es\/en\/wp-json\/wp\/v2\/types\/product"}],"replies":[{"embeddable":true,"href":"https:\/\/visitur.es\/en\/wp-json\/wp\/v2\/comments?post=3211"}],"version-history":[{"count":3,"href":"https:\/\/visitur.es\/en\/wp-json\/wp\/v2\/product\/3211\/revisions"}],"predecessor-version":[{"id":3974,"href":"https:\/\/visitur.es\/en\/wp-json\/wp\/v2\/product\/3211\/revisions\/3974"}],"wp:featuredmedia":[{"embeddable":true,"href":"https:\/\/visitur.es\/en\/wp-json\/wp\/v2\/media\/682"}],"wp:attachment":[{"href":"https:\/\/visitur.es\/en\/wp-json\/wp\/v2\/media?parent=3211"}],"wp:term":[{"taxonomy":"product_cat","embeddable":true,"href":"https:\/\/visitur.es\/en\/wp-json\/wp\/v2\/product_cat?post=3211"},{"taxonomy":"product_tag","embeddable":true,"href":"https:\/\/visitur.es\/en\/wp-json\/wp\/v2\/product_tag?post=3211"}],"curies":[{"name":"wp","href":"https:\/\/api.w.org\/{rel}","templated":true}]}}