{"id":1301,"date":"2019-11-08T08:41:00","date_gmt":"2019-11-08T07:41:00","guid":{"rendered":"https:\/\/visitur.es\/how-to-pay\/"},"modified":"2021-07-20T07:27:08","modified_gmt":"2021-07-20T05:27:08","slug":"how-to-pay","status":"publish","type":"page","link":"https:\/\/visitur.es\/en\/how-to-pay\/","title":{"rendered":"Payments and cancellations"},"content":{"rendered":"\t\t<div data-elementor-type=\"wp-post\" data-elementor-id=\"1301\" class=\"elementor elementor-1301 elementor-1292\" data-elementor-post-type=\"page\">\n\t\t\t\t\t\t<section class=\"elementor-section elementor-top-section elementor-element elementor-element-d574c3f elementor-section-boxed elementor-section-height-default elementor-section-height-default\" data-id=\"d574c3f\" data-element_type=\"section\">\n\t\t\t\t\t\t<div class=\"elementor-container elementor-column-gap-default\">\n\t\t\t\t\t<div class=\"elementor-column elementor-col-100 elementor-top-column elementor-element elementor-element-92d3472\" data-id=\"92d3472\" data-element_type=\"column\">\n\t\t\t<div class=\"elementor-widget-wrap elementor-element-populated\">\n\t\t\t\t\t\t<div class=\"elementor-element elementor-element-43555c0 elementor-widget elementor-widget-text-editor\" data-id=\"43555c0\" data-element_type=\"widget\" data-widget_type=\"text-editor.default\">\n\t\t\t\t<div class=\"elementor-widget-container\">\n\t\t\t\t\t\t\t<h1 style=\"text-align: center;\">Payment Forms<\/h1>\n<p>You will be able to make the payment of the televisions commanded to the Visitor, by means of the following form of payment:<\/p>\n\t\t\t\t\t\t<\/div>\n\t\t\t\t<\/div>\n\t\t\t\t<div class=\"elementor-element elementor-element-bdbd6ab elementor-widget elementor-widget-text-editor\" data-id=\"bdbd6ab\" data-element_type=\"widget\" data-widget_type=\"text-editor.default\">\n\t\t\t\t<div class=\"elementor-widget-container\">\n\t\t\t\t\t\t\t<h2>Tarjeta de cr\u00e9dito.<\/h2>\n<p>En Visitur, utilizamos un sistema de pago con tarjeta de cr\u00e9dito <strong>totalmente seguro<\/strong>, para asegurarnos la confidencialidad de los datos de nuestros clientes y evitar posibles compras fraudulentas. Los datos confidenciales son transmitidos directamente y de <strong>forma encriptada (SSL)<\/strong> a la entidad financiera correspondiente. El sistema de encriptaci\u00f3n SSL confiere total seguridad a la transmisi\u00f3n de datos a trav\u00e9s de la red.<\/p>\n<p>Los datos sobre las tarjetas de cr\u00e9dito no quedan registrados en ninguna base de datos de Visitur. S\u00f3lo se utilizan en el TPV (Terminal Punto de Venta) virtual de nuestra entidad financiera, a trav\u00e9s de su pasarela de pago seguro.<\/p>\n<p><img decoding=\"async\" class=\"wp-image-1208 alignright\" src=\"https:\/\/www.visitur.es\/wp-content\/uploads\/2019\/07\/visa-mastercard-300x98.png\" alt=\"\" width=\"147\" height=\"48\" srcset=\"https:\/\/visitur.es\/wp-content\/uploads\/2019\/07\/visa-mastercard.png 300w, https:\/\/visitur.es\/wp-content\/uploads\/2019\/07\/visa-mastercard-245x80.png 245w\" sizes=\"(max-width: 147px) 100vw, 147px\" \/><\/p>\n<p>En Visitur puede utilizar tarjetas Visa, Mastercard y Maestro. Para pagar el pedido la entidad financiera le solicitar\u00e1 los datos de su tarjeta (n\u00famero, titular y el c\u00f3digo CVV de la tarjeta) y una verificaci\u00f3n de seguridad.<\/p>\n\t\t\t\t\t\t<\/div>\n\t\t\t\t<\/div>\n\t\t\t\t<div class=\"elementor-element elementor-element-50236b7 elementor-widget elementor-widget-text-editor\" data-id=\"50236b7\" data-element_type=\"widget\" data-widget_type=\"text-editor.default\">\n\t\t\t\t<div class=\"elementor-widget-container\">\n\t\t\t\t\t\t\t<h2 style=\"text-align: center;\">Cancellations<\/h2>\n<p>Visits and\/or routes contracted with Visitur can be cancelled up to 24 hours before the tour to obtain a refund of the amount paid.<\/p>\n<ul>\n<li>100% refund if the cancellation is made within 48 hours of the visit.<\/li>\n<li>75% of the amount refunded if the cancellation is made within 24 hours of the visit.<\/li>\n<li>There will be no refund if the client does not show up for the visit.<\/li>\n<\/ul>\n\t\t\t\t\t\t<\/div>\n\t\t\t\t<\/div>\n\t\t\t\t<div class=\"elementor-element elementor-element-f771cd1 elementor-widget elementor-widget-text-editor\" data-id=\"f771cd1\" data-element_type=\"widget\" data-widget_type=\"text-editor.default\">\n\t\t\t\t<div class=\"elementor-widget-container\">\n\t\t\t\t\t\t\t<h2 style=\"text-align: center;\">Shipping<\/h2>\n<p>Visitur SCP does not make any kind of shipment since the contracted visits must be made in person at the place of interest.<\/p>\n\t\t\t\t\t\t<\/div>\n\t\t\t\t<\/div>\n\t\t\t\t\t<\/div>\n\t\t<\/div>\n\t\t\t\t\t<\/div>\n\t\t<\/section>\n\t\t\t\t<\/div>\n\t\t","protected":false},"excerpt":{"rendered":"<p>Payment Forms You will be able to make the payment of the televisions commanded to the Visitor, by means of the following form of payment: Tarjeta de cr\u00e9dito. En Visitur, utilizamos un sistema de pago con tarjeta de cr\u00e9dito totalmente &hellip; <a href=\"https:\/\/visitur.es\/en\/how-to-pay\/\">Read More<\/a><\/p>\n","protected":false},"author":1,"featured_media":0,"parent":0,"menu_order":0,"comment_status":"closed","ping_status":"closed","template":"","meta":{"footnotes":""},"class_list":["post-1301","page","type-page","status-publish","hentry"],"_links":{"self":[{"href":"https:\/\/visitur.es\/en\/wp-json\/wp\/v2\/pages\/1301"}],"collection":[{"href":"https:\/\/visitur.es\/en\/wp-json\/wp\/v2\/pages"}],"about":[{"href":"https:\/\/visitur.es\/en\/wp-json\/wp\/v2\/types\/page"}],"author":[{"embeddable":true,"href":"https:\/\/visitur.es\/en\/wp-json\/wp\/v2\/users\/1"}],"replies":[{"embeddable":true,"href":"https:\/\/visitur.es\/en\/wp-json\/wp\/v2\/comments?post=1301"}],"version-history":[{"count":4,"href":"https:\/\/visitur.es\/en\/wp-json\/wp\/v2\/pages\/1301\/revisions"}],"predecessor-version":[{"id":1739,"href":"https:\/\/visitur.es\/en\/wp-json\/wp\/v2\/pages\/1301\/revisions\/1739"}],"wp:attachment":[{"href":"https:\/\/visitur.es\/en\/wp-json\/wp\/v2\/media?parent=1301"}],"curies":[{"name":"wp","href":"https:\/\/api.w.org\/{rel}","templated":true}]}}