{"id":230,"date":"2018-12-21T14:02:31","date_gmt":"2018-12-21T13:02:31","guid":{"rendered":"http:\/\/visitur.incubaliadev.com\/?post_type=product&#038;p=230"},"modified":"2025-12-16T13:34:49","modified_gmt":"2025-12-16T12:34:49","slug":"tour-general","status":"publish","type":"product","link":"https:\/\/visitur.es\/ca\/itinerari\/tour-general\/","title":{"rendered":"Tour General"},"content":{"rendered":"<p>Intensa visita per gaudir d\u2019un recorregut pels llocs m\u00e9s \u00a0emblem\u00e0tics de la Tortosa hist\u00f2rica, comen\u00e7ant pel conjunt de la Catedral, passant pels diferents espais que ens mostren la riquesa arquitect\u00f2nica d\u2019una ciutat amb 2000 anys de hist\u00f2ria, com el Palau Episcopal i els Reials Col.legis. (Inclou entrada a la Catedral)<\/p>\n","protected":false},"excerpt":{"rendered":"<p>Intensa visita per gaudir d\u2019un recorregut pels llocs m\u00e9s \u00a0emblem\u00e0tics de la Tortosa hist\u00f2rica, comen\u00e7ant pel conjunt de la Catedral, passant pels diferents espais que ens mostren la riquesa arquitect\u00f2nica d\u2019una ciutat amb 2000 anys de hist\u00f2ria, com el Palau &hellip; <a href=\"https:\/\/visitur.es\/ca\/itinerari\/tour-general\/\">Read More<\/a><\/p>\n","protected":false},"featured_media":1396,"comment_status":"open","ping_status":"closed","template":"","meta":[],"product_cat":[40,43],"product_tag":[],"class_list":{"0":"post-230","1":"product","2":"type-product","3":"status-publish","4":"has-post-thumbnail","6":"product_cat-tortosa","7":"product_cat-itinerari-destacat","9":"first","10":"instock","11":"virtual","12":"sold-individually","13":"purchasable","14":"product-type-booking"},"_links":{"self":[{"href":"https:\/\/visitur.es\/ca\/wp-json\/wp\/v2\/product\/230"}],"collection":[{"href":"https:\/\/visitur.es\/ca\/wp-json\/wp\/v2\/product"}],"about":[{"href":"https:\/\/visitur.es\/ca\/wp-json\/wp\/v2\/types\/product"}],"replies":[{"embeddable":true,"href":"https:\/\/visitur.es\/ca\/wp-json\/wp\/v2\/comments?post=230"}],"version-history":[{"count":6,"href":"https:\/\/visitur.es\/ca\/wp-json\/wp\/v2\/product\/230\/revisions"}],"predecessor-version":[{"id":3969,"href":"https:\/\/visitur.es\/ca\/wp-json\/wp\/v2\/product\/230\/revisions\/3969"}],"wp:featuredmedia":[{"embeddable":true,"href":"https:\/\/visitur.es\/ca\/wp-json\/wp\/v2\/media\/1396"}],"wp:attachment":[{"href":"https:\/\/visitur.es\/ca\/wp-json\/wp\/v2\/media?parent=230"}],"wp:term":[{"taxonomy":"product_cat","embeddable":true,"href":"https:\/\/visitur.es\/ca\/wp-json\/wp\/v2\/product_cat?post=230"},{"taxonomy":"product_tag","embeddable":true,"href":"https:\/\/visitur.es\/ca\/wp-json\/wp\/v2\/product_tag?post=230"}],"curies":[{"name":"wp","href":"https:\/\/api.w.org\/{rel}","templated":true}]}}