{"id":2158,"date":"2022-01-13T11:16:11","date_gmt":"2022-01-13T10:16:11","guid":{"rendered":"https:\/\/www.visitur.es\/?post_type=product&#038;p=2158"},"modified":"2025-10-03T16:19:55","modified_gmt":"2025-10-03T14:19:55","slug":"tour-general-amb-reserva","status":"publish","type":"product","link":"https:\/\/visitur.es\/ca\/itinerari\/tour-general-amb-reserva\/","title":{"rendered":"Tour General &#8211; Diari"},"content":{"rendered":"<p>VISITA AMB PRE-RESERVA. Visita per gaudir d\u2019un recorregut pels llocs m\u00e9s \u00a0emblem\u00e0tics de la Tortosa hist\u00f2rica, comen\u00e7ant pel conjunt de la Catedral, passant pels diferents espais que ens mostren la riquesa arquitect\u00f2nica d\u2019una ciutat amb 2000 anys de hist\u00f2ria, com el Palau Episcopal i els Reials Col.legis.<\/p>\n","protected":false},"excerpt":{"rendered":"<p>VISITA AMB PRE-RESERVA. Visita per gaudir d\u2019un recorregut pels llocs m\u00e9s \u00a0emblem\u00e0tics de la Tortosa hist\u00f2rica, comen\u00e7ant pel conjunt de la Catedral, passant pels diferents espais que ens mostren la riquesa arquitect\u00f2nica d\u2019una ciutat amb 2000 anys de hist\u00f2ria, com &hellip; <a href=\"https:\/\/visitur.es\/ca\/itinerari\/tour-general-amb-reserva\/\">Read More<\/a><\/p>\n","protected":false},"featured_media":2673,"comment_status":"open","ping_status":"closed","template":"","meta":[],"product_cat":[40,43],"product_tag":[],"class_list":{"0":"post-2158","1":"product","2":"type-product","3":"status-publish","4":"has-post-thumbnail","6":"product_cat-tortosa","7":"product_cat-itinerari-destacat","9":"first","10":"instock","11":"virtual","12":"sold-individually","13":"purchasable","14":"product-type-booking"},"_links":{"self":[{"href":"https:\/\/visitur.es\/ca\/wp-json\/wp\/v2\/product\/2158"}],"collection":[{"href":"https:\/\/visitur.es\/ca\/wp-json\/wp\/v2\/product"}],"about":[{"href":"https:\/\/visitur.es\/ca\/wp-json\/wp\/v2\/types\/product"}],"replies":[{"embeddable":true,"href":"https:\/\/visitur.es\/ca\/wp-json\/wp\/v2\/comments?post=2158"}],"version-history":[{"count":11,"href":"https:\/\/visitur.es\/ca\/wp-json\/wp\/v2\/product\/2158\/revisions"}],"predecessor-version":[{"id":3223,"href":"https:\/\/visitur.es\/ca\/wp-json\/wp\/v2\/product\/2158\/revisions\/3223"}],"wp:featuredmedia":[{"embeddable":true,"href":"https:\/\/visitur.es\/ca\/wp-json\/wp\/v2\/media\/2673"}],"wp:attachment":[{"href":"https:\/\/visitur.es\/ca\/wp-json\/wp\/v2\/media?parent=2158"}],"wp:term":[{"taxonomy":"product_cat","embeddable":true,"href":"https:\/\/visitur.es\/ca\/wp-json\/wp\/v2\/product_cat?post=2158"},{"taxonomy":"product_tag","embeddable":true,"href":"https:\/\/visitur.es\/ca\/wp-json\/wp\/v2\/product_tag?post=2158"}],"curies":[{"name":"wp","href":"https:\/\/api.w.org\/{rel}","templated":true}]}}