{"id":172,"date":"2018-12-21T12:13:11","date_gmt":"2018-12-21T12:13:11","guid":{"rendered":"http:\/\/visitur.incubaliadev.com\/?post_type=product&#038;p=172"},"modified":"2026-04-15T20:19:49","modified_gmt":"2026-04-15T18:19:49","slug":"catedral-de-santa-maria","status":"publish","type":"product","link":"https:\/\/visitur.es\/ca\/itinerari\/catedral-de-santa-maria\/","title":{"rendered":"Catedral de Santa Maria"},"content":{"rendered":"<p>Sorprenent visita, inclou tot el conjunt catedralici iniciat al segle XII amb les sales i galeries subterr\u00e0nies, sales g\u00f2tiques de l\u2019antiga canonja, on s\u2019ubica l\u2019exposici\u00f3 permanent, claustre del segle XIII, i la magn\u00edfica catedral g\u00f2tica amb la seva doble girola i fa\u00e7ana barroca. Durada aproximada 1,00 hores<\/p>\n","protected":false},"excerpt":{"rendered":"<p>Sorprenent visita, inclou tot el conjunt catedralici iniciat al segle XII amb les sales i galeries subterr\u00e0nies, sales g\u00f2tiques de l\u2019antiga canonja, on s\u2019ubica l\u2019exposici\u00f3 permanent, claustre del segle XIII, i la magn\u00edfica catedral g\u00f2tica amb la seva doble girola &hellip; <a href=\"https:\/\/visitur.es\/ca\/itinerari\/catedral-de-santa-maria\/\">Read More<\/a><\/p>\n","protected":false},"featured_media":2691,"comment_status":"open","ping_status":"closed","template":"","meta":[],"product_cat":[40,43],"product_tag":[],"class_list":{"0":"post-172","1":"product","2":"type-product","3":"status-publish","4":"has-post-thumbnail","6":"product_cat-tortosa","7":"product_cat-itinerari-destacat","9":"first","10":"instock","11":"featured","12":"virtual","13":"sold-individually","14":"purchasable","15":"product-type-booking"},"_links":{"self":[{"href":"https:\/\/visitur.es\/ca\/wp-json\/wp\/v2\/product\/172"}],"collection":[{"href":"https:\/\/visitur.es\/ca\/wp-json\/wp\/v2\/product"}],"about":[{"href":"https:\/\/visitur.es\/ca\/wp-json\/wp\/v2\/types\/product"}],"replies":[{"embeddable":true,"href":"https:\/\/visitur.es\/ca\/wp-json\/wp\/v2\/comments?post=172"}],"version-history":[{"count":10,"href":"https:\/\/visitur.es\/ca\/wp-json\/wp\/v2\/product\/172\/revisions"}],"predecessor-version":[{"id":3875,"href":"https:\/\/visitur.es\/ca\/wp-json\/wp\/v2\/product\/172\/revisions\/3875"}],"wp:featuredmedia":[{"embeddable":true,"href":"https:\/\/visitur.es\/ca\/wp-json\/wp\/v2\/media\/2691"}],"wp:attachment":[{"href":"https:\/\/visitur.es\/ca\/wp-json\/wp\/v2\/media?parent=172"}],"wp:term":[{"taxonomy":"product_cat","embeddable":true,"href":"https:\/\/visitur.es\/ca\/wp-json\/wp\/v2\/product_cat?post=172"},{"taxonomy":"product_tag","embeddable":true,"href":"https:\/\/visitur.es\/ca\/wp-json\/wp\/v2\/product_tag?post=172"}],"curies":[{"name":"wp","href":"https:\/\/api.w.org\/{rel}","templated":true}]}}