{"id":1292,"date":"2019-11-07T16:21:29","date_gmt":"2019-11-07T15:21:29","guid":{"rendered":"https:\/\/visitur.es\/?page_id=1292"},"modified":"2021-07-20T07:20:31","modified_gmt":"2021-07-20T05:20:31","slug":"com-pagar","status":"publish","type":"page","link":"https:\/\/visitur.es\/ca\/com-pagar\/","title":{"rendered":"Pagaments i cancel\u00b7lacions"},"content":{"rendered":"\t\t<div data-elementor-type=\"wp-post\" data-elementor-id=\"1292\" class=\"elementor elementor-1292\" data-elementor-post-type=\"page\">\n\t\t\t\t\t\t<section class=\"elementor-section elementor-top-section elementor-element elementor-element-d574c3f elementor-section-boxed elementor-section-height-default elementor-section-height-default\" data-id=\"d574c3f\" data-element_type=\"section\">\n\t\t\t\t\t\t<div class=\"elementor-container elementor-column-gap-default\">\n\t\t\t\t\t<div class=\"elementor-column elementor-col-100 elementor-top-column elementor-element elementor-element-92d3472\" data-id=\"92d3472\" data-element_type=\"column\">\n\t\t\t<div class=\"elementor-widget-wrap elementor-element-populated\">\n\t\t\t\t\t\t<div class=\"elementor-element elementor-element-43555c0 elementor-widget elementor-widget-text-editor\" data-id=\"43555c0\" data-element_type=\"widget\" data-widget_type=\"text-editor.default\">\n\t\t\t\t<div class=\"elementor-widget-container\">\n\t\t\t\t\t\t\t<h1 style=\"text-align: center;\">Formes de Pagament<\/h1><p>Podr\u00e0s realitzar el pagament de les teves comandes a Visitur, mitjan\u00e7ant la seg\u00fcent forma de pagament:<\/p>\t\t\t\t\t\t<\/div>\n\t\t\t\t<\/div>\n\t\t\t\t<div class=\"elementor-element elementor-element-bdbd6ab elementor-widget elementor-widget-text-editor\" data-id=\"bdbd6ab\" data-element_type=\"widget\" data-widget_type=\"text-editor.default\">\n\t\t\t\t<div class=\"elementor-widget-container\">\n\t\t\t\t\t\t\t<h2>Targeta de cr\u00e8dit.<\/h2><p>A Visitur, utilitzem un sistema de pagament amb targeta de cr\u00e8dit totalment segur, per assegurar-nos la\u00a0confidencialitat de les dades dels nostres clients i evitar possibles compres fraudulentes. Les dades confidencials s\u00f3n transmeses directament i de forma encriptada (SSL) a l&#8217;entitat financera corresponent. El sistema d&#8217;encriptaci\u00f3 SSL t\u00e9 total seguretat a la transmissi\u00f3 de dades a trav\u00e9s de la xarxa.<\/p><p>Les dades sobre les targetes de cr\u00e8dit no queden registrades en cap base de dades de Visitur. Nom\u00e9s s&#8217;utilitzen en el TPV (Terminal Punt de Venda) virtual de la nostra entitat financera, a trav\u00e9s de la seva passarel\u00b7la de pagament segur.<\/p><p><img decoding=\"async\" class=\"wp-image-1208 alignright\" src=\"https:\/\/visitur.es\/wp-content\/uploads\/2019\/07\/visa-mastercard-300x98.png\" alt=\"\" width=\"147\" height=\"48\" srcset=\"https:\/\/visitur.es\/wp-content\/uploads\/2019\/07\/visa-mastercard.png 300w, https:\/\/visitur.es\/wp-content\/uploads\/2019\/07\/visa-mastercard-245x80.png 245w\" sizes=\"(max-width: 147px) 100vw, 147px\" \/><\/p><p>A Visitur pot utilitzar targetes Visa i Mastercard. Per pagar la comanda l&#8217;entitat financera li sol\u00b7licitar\u00e0 les dades de la targeta (n\u00famero, titular i el codi CVV de la targeta) i una verificaci\u00f3 de seguretat.<\/p>\t\t\t\t\t\t<\/div>\n\t\t\t\t<\/div>\n\t\t\t\t<div class=\"elementor-element elementor-element-50236b7 elementor-widget elementor-widget-text-editor\" data-id=\"50236b7\" data-element_type=\"widget\" data-widget_type=\"text-editor.default\">\n\t\t\t\t<div class=\"elementor-widget-container\">\n\t\t\t\t\t\t\t<h2 style=\"text-align: center;\">Cancel\u00b7lacions<\/h2><p>Les visites i\/o rutes contractades a <strong>Visitur<\/strong> podran ser cancel\u00b7lades fins a 24 hores abans de la seva realitzaci\u00f3 per a obtenir una devoluci\u00f3 de l&#8217;import pagat.<\/p><ul><li>Devoluci\u00f3 del 100% de l&#8217;import si la cancel\u00b7laci\u00f3 es abans de 48 hores de la visita<\/li><li>Devoluci\u00f3 del 75% de l&#8217;import si la cancel\u00b7laci\u00f3 es abans de 24 hores de la visita<\/li><li>No hi haur\u00e0 cap tipus de devoluci\u00f3 si el client no es presenta a la visita.<\/li><\/ul>\t\t\t\t\t\t<\/div>\n\t\t\t\t<\/div>\n\t\t\t\t<div class=\"elementor-element elementor-element-f771cd1 elementor-widget elementor-widget-text-editor\" data-id=\"f771cd1\" data-element_type=\"widget\" data-widget_type=\"text-editor.default\">\n\t\t\t\t<div class=\"elementor-widget-container\">\n\t\t\t\t\t\t\t<h2 style=\"text-align: center;\">Enviaments<\/h2><p>Visitur SCP no fa cap tipus d&#8217;enviament ja que les visites contractades s&#8217;han de fer presencialment al lloc d&#8217;inter\u00e8s.<\/p>\t\t\t\t\t\t<\/div>\n\t\t\t\t<\/div>\n\t\t\t\t\t<\/div>\n\t\t<\/div>\n\t\t\t\t\t<\/div>\n\t\t<\/section>\n\t\t\t\t<\/div>\n\t\t","protected":false},"excerpt":{"rendered":"<p>Formes de Pagament Podr\u00e0s realitzar el pagament de les teves comandes a Visitur, mitjan\u00e7ant la seg\u00fcent forma de pagament: Targeta de cr\u00e8dit. A Visitur, utilitzem un sistema de pagament amb targeta de cr\u00e8dit totalment segur, per assegurar-nos la\u00a0confidencialitat de les &hellip; <a href=\"https:\/\/visitur.es\/ca\/com-pagar\/\">Read More<\/a><\/p>\n","protected":false},"author":1,"featured_media":0,"parent":0,"menu_order":0,"comment_status":"closed","ping_status":"closed","template":"","meta":{"footnotes":""},"class_list":["post-1292","page","type-page","status-publish","hentry"],"_links":{"self":[{"href":"https:\/\/visitur.es\/ca\/wp-json\/wp\/v2\/pages\/1292"}],"collection":[{"href":"https:\/\/visitur.es\/ca\/wp-json\/wp\/v2\/pages"}],"about":[{"href":"https:\/\/visitur.es\/ca\/wp-json\/wp\/v2\/types\/page"}],"author":[{"embeddable":true,"href":"https:\/\/visitur.es\/ca\/wp-json\/wp\/v2\/users\/1"}],"replies":[{"embeddable":true,"href":"https:\/\/visitur.es\/ca\/wp-json\/wp\/v2\/comments?post=1292"}],"version-history":[{"count":9,"href":"https:\/\/visitur.es\/ca\/wp-json\/wp\/v2\/pages\/1292\/revisions"}],"predecessor-version":[{"id":1735,"href":"https:\/\/visitur.es\/ca\/wp-json\/wp\/v2\/pages\/1292\/revisions\/1735"}],"wp:attachment":[{"href":"https:\/\/visitur.es\/ca\/wp-json\/wp\/v2\/media?parent=1292"}],"curies":[{"name":"wp","href":"https:\/\/api.w.org\/{rel}","templated":true}]}}